{"id":176,"date":"2023-03-27T12:47:28","date_gmt":"2023-03-27T10:47:28","guid":{"rendered":"https:\/\/beskydy-lodge.cz\/?page_id=176"},"modified":"2023-05-18T13:17:13","modified_gmt":"2023-05-18T11:17:13","slug":"kontakt","status":"publish","type":"page","link":"https:\/\/beskydy-lodge.cz\/cs\/kontakt\/","title":{"rendered":"Kontakty"},"content":{"rendered":"<div class=\"wp-block-cover alignfull is-light\" style=\"min-height:500px;aspect-ratio:unset;\"><span aria-hidden=\"true\" class=\"wp-block-cover__background has-background-dim-30 has-background-dim\"><\/span><img loading=\"lazy\" decoding=\"async\" width=\"1800\" height=\"1200\" class=\"wp-block-cover__image-background wp-image-185\" alt=\"\" src=\"https:\/\/beskydy-lodge.cz\/wp-content\/uploads\/2023\/03\/496764741-man-working-on-1.jpg\" data-object-fit=\"cover\" srcset=\"https:\/\/beskydy-lodge.cz\/wp-content\/uploads\/2023\/03\/496764741-man-working-on-1.jpg 1800w, https:\/\/beskydy-lodge.cz\/wp-content\/uploads\/2023\/03\/496764741-man-working-on-1-300x200.jpg 300w, https:\/\/beskydy-lodge.cz\/wp-content\/uploads\/2023\/03\/496764741-man-working-on-1-1024x683.jpg 1024w, https:\/\/beskydy-lodge.cz\/wp-content\/uploads\/2023\/03\/496764741-man-working-on-1-768x512.jpg 768w, https:\/\/beskydy-lodge.cz\/wp-content\/uploads\/2023\/03\/496764741-man-working-on-1-1536x1024.jpg 1536w, https:\/\/beskydy-lodge.cz\/wp-content\/uploads\/2023\/03\/496764741-man-working-on-1-930x620.jpg 930w\" sizes=\"auto, (max-width: 1800px) 100vw, 1800px\" \/><div class=\"wp-block-cover__inner-container is-layout-flow wp-block-cover-is-layout-flow\">\n<h1 class=\"wp-block-heading has-text-align-center has-nv-site-bg-color has-text-color\"><strong>Kontakty<\/strong><\/h1>\n\n\n\n<p><\/p>\n<\/div><\/div>\n\n\n\n<figure class=\"wp-block-image alignfull size-large wave\"><img loading=\"lazy\" decoding=\"async\" width=\"500\" height=\"50\" src=\"https:\/\/beskydy-lodge.cz\/wp-content\/uploads\/2023\/03\/vlnka2.svg\" alt=\"\" class=\"wp-image-42\"\/><\/figure>\n\n\n\n<div style=\"height:100px\" aria-hidden=\"true\" class=\"wp-block-spacer\"><\/div>\n\n\n\n<div class=\"wp-block-cover alignfull\" style=\"min-height:600px;aspect-ratio:unset;\"><span aria-hidden=\"true\" class=\"wp-block-cover__background has-nv-dark-bg-background-color has-background-dim-0 has-background-dim\"><\/span><div class=\"wp-block-cover__inner-container is-layout-flow wp-block-cover-is-layout-flow\">\n<div class=\"wp-block-group\"><div class=\"wp-block-group__inner-container is-layout-flow wp-block-group-is-layout-flow\">\n<div style=\"height:40px\" aria-hidden=\"true\" class=\"wp-block-spacer\"><\/div>\n\n\n\n<div class=\"wp-block-columns has-nv-dark-bg-color has-text-color is-layout-flex wp-container-core-columns-is-layout-9d6595d7 wp-block-columns-is-layout-flex\">\n<div class=\"wp-block-column is-vertically-aligned-center is-layout-flow wp-block-column-is-layout-flow\" style=\"flex-basis:50%\">\n<h3 class=\"wp-block-heading\">Zavolejte n\u00e1m<\/h3>\n\n\n\n<p class=\" translation-block\">+420 725 746 671 |\u00a0Pond\u011bl\u00ed \u2013 P\u00e1tek 10.00 \u2013 17.00<br>+420 601 543 454 |\u00a0Pond\u011bl\u00ed \u2013 P\u00e1tek 17.00 \u2013 22.00 <br>+420 601 543 454 |\u00a0Sobota \u2013 Ned\u011ble 09.00 Pond\u011bl\u00ed \u2013 22.00<br>+49 176 8635 1725 |\u00a0Pond\u011bl\u00ed \u2013 Ned\u011ble 09.00 \u2013 22.00 \u2013 n\u011bmecky<br>+420 721 667 315 |\u00a0Pond\u011bl\u00ed \u2013 Ned\u011ble 09.00 \u2013 22.00 \u2013 anglicky<br>+420 721 667 315 |\u00a0Pond\u011bl\u00ed \u2013 Ned\u011ble 09.00 \u2013 22.00 \u2013 Mas\u00e1\u017ee<\/p>\n\n\n\n<h3 class=\"wp-block-heading\">e-mail<\/h3>\n\n\n\n<p>contact@beskydy-lodge.cz<br>massage@mednow-services.com<\/p>\n\n\n\n<h3 class=\"wp-block-heading\">Adresa<\/h3>\n\n\n\n<p>Chaty Beskydy, 756 56 Prost\u0159edn\u00ed Be\u010dva, Prost\u0159edn\u00ed Be\u010dva \u010d.p.15, \u010cesko<\/p>\n\n\n\n<p><\/p>\n<\/div>\n\n\n\n<div class=\"wp-block-column is-vertically-aligned-center has-nv-dark-bg-color has-text-color is-layout-flow wp-block-column-is-layout-flow\" style=\"flex-basis:50%\"><div class=\"wpforms-container wpforms-container-full wpforms-block wpforms-block-e204265e-c71e-4bcd-9227-5355257c3697\" id=\"wpforms-181\"><form id=\"wpforms-form-181\" class=\"wpforms-validate wpforms-form wpforms-ajax-form\" data-formid=\"181\" method=\"post\" enctype=\"multipart\/form-data\" action=\"\/cs\/wp-json\/wp\/v2\/pages\/176\" data-token=\"906bce4e6ff7e9ea50855fbba28d8060\" data-trp-original-action=\"\/cs\/wp-json\/wp\/v2\/pages\/176\"><noscript class=\"wpforms-error-noscript\">Chcete-li vyplnit tento formul\u00e1\u0159, pros\u00edm povolte v prohl\u00ed\u017ee\u010di JavaScript.<\/noscript><div class=\"wpforms-field-container\"><div id=\"wpforms-181-field_0-container\" class=\"wpforms-field wpforms-field-name\" data-field-id=\"0\"><label class=\"wpforms-field-label\" for=\"wpforms-181-field_0\">Jm\u00e9no <span class=\"wpforms-required-label\">*<\/span><\/label><input type=\"text\" id=\"wpforms-181-field_0\" class=\"wpforms-field-large wpforms-field-required\" name=\"wpforms[fields][0]\" required><\/div><div id=\"wpforms-181-field_3-container\" class=\"wpforms-field wpforms-field-name\" data-field-id=\"3\"><label class=\"wpforms-field-label\" for=\"wpforms-181-field_3\">P\u0159\u00edjmen\u00ed <span class=\"wpforms-required-label\">*<\/span><\/label><input type=\"text\" id=\"wpforms-181-field_3\" class=\"wpforms-field-large wpforms-field-required\" name=\"wpforms[fields][3]\" required><\/div><div id=\"wpforms-181-field_1-container\" class=\"wpforms-field wpforms-field-email\" data-field-id=\"1\"><label class=\"wpforms-field-label\" for=\"wpforms-181-field_1\">e-mail <span class=\"wpforms-required-label\">*<\/span><\/label><input type=\"email\" id=\"wpforms-181-field_1\" class=\"wpforms-field-large wpforms-field-required\" name=\"wpforms[fields][1]\" spellcheck=\"false\" required><\/div><div id=\"wpforms-181-field_4-container\" class=\"wpforms-field wpforms-field-text\" data-field-id=\"4\"><label class=\"wpforms-field-label\" for=\"wpforms-181-field_4\">Telefon <span class=\"wpforms-required-label\">*<\/span><\/label><input type=\"text\" id=\"wpforms-181-field_4\" class=\"wpforms-field-large wpforms-field-required\" name=\"wpforms[fields][4]\" required><\/div><div id=\"wpforms-181-field_2-container\" class=\"wpforms-field wpforms-field-textarea\" data-field-id=\"2\"><label class=\"wpforms-field-label\" for=\"wpforms-181-field_2\">Zpr\u00e1va<\/label><textarea id=\"wpforms-181-field_2\" class=\"wpforms-field-medium\" name=\"wpforms[fields][2]\" placeholder=\"Zpr\u00e1va\" ><\/textarea><\/div><\/div><!-- .wpforms-field-container --><div class=\"wpforms-submit-container\" ><input type=\"hidden\" name=\"wpforms[id]\" value=\"181\"><input type=\"hidden\" name=\"wpforms[author]\" value=\"1\"><button type=\"submit\" name=\"wpforms[submit]\" id=\"wpforms-submit-181\" class=\"wpforms-submit\" data-alt-text=\"Schicken...\" data-submit-text=\"Senden\" aria-live=\"assertive\" value=\"wpforms-submit\">Odeslat<\/button><img loading=\"lazy\" decoding=\"async\" src=\"https:\/\/beskydy-lodge.cz\/wp-content\/plugins\/wpforms-lite\/assets\/images\/submit-spin.svg\" class=\"wpforms-submit-spinner\" style=\"display: none;\" width=\"26\" height=\"26\" alt=\"Na\u010d\u00edt\u00e1n\u00ed\"><\/div><input type=\"hidden\" name=\"trp-form-language\" value=\"cs\"\/><\/form><\/div>  <!-- .wpforms-container --><\/div>\n<\/div>\n\n\n\n<div style=\"height:40px\" aria-hidden=\"true\" class=\"wp-block-spacer\"><\/div>\n<\/div><\/div>\n<\/div><\/div>\n\n\n<div id=\"wpgmza_map\" class=\"wpgmza_map\" data-settings='{\"id\":\"1\",\"map_title\":\"chalet\",\"map_width\":\"100\",\"map_height\":\"400\",\"map_start_lat\":\"49.44026623544579\",\"map_start_lng\":\"18.237895102518515\",\"map_start_location\":\"45.950464398418106,-109.81550500000003\",\"map_start_zoom\":\"14\",\"default_marker\":\"\",\"type\":\"1\",\"alignment\":\"4\",\"directions_enabled\":\"0\",\"styling_enabled\":\"0\",\"styling_json\":\"\",\"active\":\"0\",\"kml\":\"\",\"bicycle\":\"0\",\"traffic\":\"0\",\"dbox\":\"0\",\"dbox_width\":\"\",\"listmarkers\":\"0\",\"listmarkers_advanced\":\"0\",\"filterbycat\":\"0\",\"ugm_enabled\":\"0\",\"ugm_category_enabled\":\"0\",\"fusion\":\"\",\"map_width_type\":\"%\",\"map_height_type\":\"px\",\"mass_marker_support\":\"0\",\"ugm_access\":\"0\",\"order_markers_by\":\"0\",\"order_markers_choice\":\"0\",\"show_user_location\":\"0\",\"default_to\":\"\",\"other_settings\":{\"map_type\":1,\"sl_stroke_color\":\"\",\"sl_fill_color\":\"\",\"sl_stroke_opacity\":\"\",\"sl_fill_opacity\":\"\",\"transport_layer\":false,\"action\":\"wpgmza_save_map\",\"redirect_to\":\"\\\/wp-admin\\\/admin-post.php\",\"map_id\":\"1\",\"http_referer\":\"\\\/wp-admin\\\/admin.php?page=wp-google-maps-menu&amp;amp;action=edit&amp;amp;map_id=1\",\"wpgmza_id\":\"1\",\"wpgmza_start_location\":\"49.44026623544579,18.237895102518515\",\"wpgmza_start_zoom\":\"14\",\"wpgmza_theme_data\":\"\",\"store_locator_enabled\":false,\"store_locator_search_area\":\"radial\",\"wpgmza_store_locator_radius_style\":\"legacy\",\"wpgmza_store_locator_default_radius\":\"10\",\"store_locator_auto_area_max_zoom\":\"\",\"store_locator_distance\":false,\"wpgmza_store_locator_position\":false,\"store_locator_show_distance\":false,\"store_locator_category\":false,\"wpgmza_store_locator_use_their_location\":false,\"wpgmza_store_locator_bounce\":false,\"wpgmza_sl_animation\":null,\"wpgmza_store_locator_hide_before_search\":false,\"store_locator_query_string\":\"\",\"store_locator_location_placeholder\":\"\",\"store_locator_default_address\":\"\",\"store_locator_name_search\":false,\"store_locator_name_string\":\"\",\"store_locator_not_found_message\":\"\",\"wpgmza_map_align\":\"1\",\"jump_to_nearest_marker_on_initialization\":false,\"automatically_pan_to_users_location\":false,\"override_users_location_zoom_level\":false,\"override_users_location_zoom_levels\":\"\",\"show_distance_from_location\":false,\"map_max_zoom\":\"21\",\"map_min_zoom\":\"0\",\"click_open_link\":false,\"fit_maps_bounds_to_markers\":false,\"fit_maps_bounds_to_markers_after_filtering\":false,\"hide_point_of_interest\":false,\"wpgmza_zoom_on_marker_click\":false,\"wpgmza_zoom_on_marker_click_slider\":\"\",\"close_infowindow_on_map_click\":false,\"disable_lightbox_images\":false,\"use_Raw_Jpeg_Coordinates\":false,\"polygon_labels\":false,\"disable_polygon_info_windows\":false,\"enable_marker_ratings\":false,\"only_load_markers_within_viewport\":false,\"iw_primary_color\":\"#000000\",\"iw_accent_color\":\"#000000\",\"iw_text_color\":\"#000000\",\"wpgmza_listmarkers_by\":\"0\",\"wpgmza_marker_listing_position\":false,\"wpgmza_push_in_map\":false,\"wpgmza_push_in_map_placement\":null,\"wpgmza_push_in_map_width\":\"\",\"wpgmza_push_in_map_height\":\"\",\"zoom_level_on_marker_listing_override\":false,\"zoom_level_on_marker_listing_click\":\"\",\"marker_listing_disable_zoom\":false,\"datatable_no_result_message\":\"\",\"remove_search_box_datables\":false,\"dataTable_pagination_style\":null,\"datatable_search_string\":\"\",\"datatable_result_start\":\"\",\"datatable_result_of\":\"\",\"datatable_result_to\":\"\",\"datatable_result_total\":\"\",\"datatable_result_show\":\"\",\"datatable_result_entries\":\"\",\"wpgmza_savemap\":\"Ulo\\u017eit mapu \\u00bb\"}}' data-map-id='1' data-maps-engine='google-maps' data-shortcode-attributes='{\"id\":\"1\"}' style=\"display:block; overflow:auto; width:100%; height:400px; float:left;\"><\/div>\n\n\n\n<div style=\"height:50px\" aria-hidden=\"true\" class=\"wp-block-spacer\"><\/div>\n\n\n\n<div class=\"wp-block-cover alignfull is-light\" style=\"min-height:600px;aspect-ratio:unset;\"><span aria-hidden=\"true\" class=\"wp-block-cover__background has-nv-site-bg-background-color has-background-dim\"><\/span><img decoding=\"async\" class=\"wp-block-cover__image-background\" alt=\"\" src=\"blob:https:\/\/beskydy-lodge.cz\/85cbf0e2-6c73-4ef2-a18c-f483259cc8b7\" data-object-fit=\"cover\"\/><div class=\"wp-block-cover__inner-container is-layout-flow wp-block-cover-is-layout-flow\">\n<div class=\"wp-block-group\"><div class=\"wp-block-group__inner-container is-layout-flow wp-block-group-is-layout-flow\">\n<div class=\"wp-block-columns has-neve-link-hover-color-color has-text-color is-layout-flex wp-container-core-columns-is-layout-9d6595d7 wp-block-columns-is-layout-flex\">\n<div class=\"wp-block-column is-vertically-aligned-center is-layout-flow wp-block-column-is-layout-flow\" style=\"flex-basis:20%\"><div class=\"wp-block-image\">\n<figure class=\"aligncenter size-large\"><a href=\"http:\/\/www.mednow-cz.cz\"><img loading=\"lazy\" decoding=\"async\" width=\"600\" height=\"110\" src=\"https:\/\/beskydy-lodge.cz\/wp-content\/uploads\/2023\/05\/logo.svg\" alt=\"\" class=\"wp-image-273\"\/><\/a><\/figure>\n<\/div><\/div>\n\n\n\n<div class=\"wp-block-column is-vertically-aligned-center is-layout-flow wp-block-column-is-layout-flow\" style=\"flex-basis:20%\"><div class=\"wp-block-image\">\n<figure class=\"aligncenter size-full\"><a href=\"https:\/\/www.mednow-services.com\/cards-mednow.html\"><img loading=\"lazy\" decoding=\"async\" width=\"1000\" height=\"624\" src=\"https:\/\/beskydy-lodge.cz\/wp-content\/uploads\/2023\/05\/mc_check_up_front.png\" alt=\"\" class=\"wp-image-349\" srcset=\"https:\/\/beskydy-lodge.cz\/wp-content\/uploads\/2023\/05\/mc_check_up_front.png 1000w, https:\/\/beskydy-lodge.cz\/wp-content\/uploads\/2023\/05\/mc_check_up_front-300x187.png 300w, https:\/\/beskydy-lodge.cz\/wp-content\/uploads\/2023\/05\/mc_check_up_front-768x479.png 768w, https:\/\/beskydy-lodge.cz\/wp-content\/uploads\/2023\/05\/mc_check_up_front-18x12.png 18w\" sizes=\"auto, (max-width: 1000px) 100vw, 1000px\" \/><\/a><\/figure>\n<\/div><\/div>\n\n\n\n<div class=\"wp-block-column is-vertically-aligned-center is-layout-flow wp-block-column-is-layout-flow\" style=\"flex-basis:20%\"><div class=\"wp-block-image\">\n<figure class=\"aligncenter size-large\"><a href=\"https:\/\/nabytek-novy.cz\/\"><img loading=\"lazy\" decoding=\"async\" width=\"1024\" height=\"590\" src=\"https:\/\/beskydy-lodge.cz\/wp-content\/uploads\/2023\/05\/nabytek-novy-2048x1179-1-1024x590.png\" alt=\"\" class=\"wp-image-271\" srcset=\"https:\/\/beskydy-lodge.cz\/wp-content\/uploads\/2023\/05\/nabytek-novy-2048x1179-1-1024x590.png 1024w, https:\/\/beskydy-lodge.cz\/wp-content\/uploads\/2023\/05\/nabytek-novy-2048x1179-1-300x173.png 300w, https:\/\/beskydy-lodge.cz\/wp-content\/uploads\/2023\/05\/nabytek-novy-2048x1179-1-768x442.png 768w, https:\/\/beskydy-lodge.cz\/wp-content\/uploads\/2023\/05\/nabytek-novy-2048x1179-1-1536x884.png 1536w, https:\/\/beskydy-lodge.cz\/wp-content\/uploads\/2023\/05\/nabytek-novy-2048x1179-1-18x10.png 18w, https:\/\/beskydy-lodge.cz\/wp-content\/uploads\/2023\/05\/nabytek-novy-2048x1179-1.png 2048w\" sizes=\"auto, (max-width: 1024px) 100vw, 1024px\" \/><\/a><\/figure>\n<\/div><\/div>\n\n\n\n<div class=\"wp-block-column is-vertically-aligned-center is-layout-flow wp-block-column-is-layout-flow\" style=\"flex-basis:20%\"><div class=\"wp-block-image\">\n<figure class=\"aligncenter size-full\"><a href=\"https:\/\/www.mednow-services.com\/cards-travelgoldfly.html\"><img loading=\"lazy\" decoding=\"async\" width=\"1000\" height=\"624\" src=\"https:\/\/beskydy-lodge.cz\/wp-content\/uploads\/2023\/05\/tgf_crystal_front.png\" alt=\"\" class=\"wp-image-270\" srcset=\"https:\/\/beskydy-lodge.cz\/wp-content\/uploads\/2023\/05\/tgf_crystal_front.png 1000w, https:\/\/beskydy-lodge.cz\/wp-content\/uploads\/2023\/05\/tgf_crystal_front-300x187.png 300w, https:\/\/beskydy-lodge.cz\/wp-content\/uploads\/2023\/05\/tgf_crystal_front-768x479.png 768w, https:\/\/beskydy-lodge.cz\/wp-content\/uploads\/2023\/05\/tgf_crystal_front-18x12.png 18w\" sizes=\"auto, (max-width: 1000px) 100vw, 1000px\" \/><\/a><\/figure>\n<\/div><\/div>\n\n\n\n<div class=\"wp-block-column is-vertically-aligned-center is-layout-flow wp-block-column-is-layout-flow\" style=\"flex-basis:20%\"><div class=\"wp-block-image\">\n<figure class=\"aligncenter size-large is-resized\"><a href=\"https:\/\/masaze-mednow.cz\/\"><img loading=\"lazy\" decoding=\"async\" src=\"https:\/\/beskydy-lodge.cz\/wp-content\/uploads\/2023\/05\/mednow-masaze-vicky.svg\" alt=\"\" class=\"wp-image-352\" width=\"177\" height=\"173\"\/><\/a><\/figure>\n<\/div><\/div>\n<\/div>\n<\/div><\/div>\n<\/div><\/div>","protected":false},"excerpt":{"rendered":"","protected":false},"author":1,"featured_media":0,"parent":0,"menu_order":0,"comment_status":"closed","ping_status":"closed","template":"","meta":{"inline_featured_image":false,"neve_meta_sidebar":"","neve_meta_container":"","neve_meta_enable_content_width":"on","neve_meta_content_width":70,"neve_meta_title_alignment":"","neve_meta_author_avatar":"","neve_post_elements_order":"","neve_meta_disable_header":"","neve_meta_disable_footer":"","neve_meta_disable_title":"on","footnotes":""},"class_list":["post-176","page","type-page","status-publish","hentry"],"yoast_head":"<!-- This site is optimized with the Yoast SEO plugin v21.7 - https:\/\/yoast.com\/wordpress\/plugins\/seo\/ -->\n<title>Kontakt - BESKYDY - LODGE<\/title>\n<meta name=\"robots\" content=\"index, follow, max-snippet:-1, max-image-preview:large, max-video-preview:-1\" \/>\n<link rel=\"canonical\" href=\"https:\/\/beskydy-lodge.cz\/cs\/kontakt\/\" \/>\n<meta property=\"og:locale\" content=\"cs_CZ\" \/>\n<meta property=\"og:type\" content=\"article\" \/>\n<meta property=\"og:title\" content=\"Kontakt - BESKYDY - LODGE\" \/>\n<meta property=\"og:url\" content=\"https:\/\/beskydy-lodge.cz\/cs\/kontakt\/\" \/>\n<meta property=\"og:site_name\" content=\"BESKYDY - LODGE\" \/>\n<meta property=\"article:publisher\" content=\"https:\/\/www.facebook.com\/profile.php?id=100088689353355\" \/>\n<meta property=\"article:modified_time\" content=\"2023-05-18T11:17:13+00:00\" \/>\n<meta property=\"og:image\" content=\"https:\/\/beskydy-lodge.cz\/wp-content\/uploads\/2023\/03\/496764741-man-working-on-1.jpg\" \/>\n<meta name=\"twitter:card\" content=\"summary_large_image\" \/>\n<meta name=\"twitter:label1\" content=\"Odhadovan\u00e1 doba \u010dten\u00ed\" \/>\n\t<meta name=\"twitter:data1\" content=\"3 minuty\" \/>\n<script type=\"application\/ld+json\" class=\"yoast-schema-graph\">{\"@context\":\"https:\/\/schema.org\",\"@graph\":[{\"@type\":\"WebPage\",\"@id\":\"https:\/\/beskydy-lodge.cz\/kontakt\/\",\"url\":\"https:\/\/beskydy-lodge.cz\/kontakt\/\",\"name\":\"Kontakt - BESKYDY - LODGE\",\"isPartOf\":{\"@id\":\"https:\/\/beskydy-lodge.cz\/#website\"},\"datePublished\":\"2023-03-27T10:47:28+00:00\",\"dateModified\":\"2023-05-18T11:17:13+00:00\",\"breadcrumb\":{\"@id\":\"https:\/\/beskydy-lodge.cz\/kontakt\/#breadcrumb\"},\"inLanguage\":\"cs\",\"potentialAction\":[{\"@type\":\"ReadAction\",\"target\":[\"https:\/\/beskydy-lodge.cz\/kontakt\/\"]}]},{\"@type\":\"BreadcrumbList\",\"@id\":\"https:\/\/beskydy-lodge.cz\/kontakt\/#breadcrumb\",\"itemListElement\":[{\"@type\":\"ListItem\",\"position\":1,\"name\":\"Startseite\",\"item\":\"https:\/\/beskydy-lodge.cz\/\"},{\"@type\":\"ListItem\",\"position\":2,\"name\":\"Kontakt\"}]},{\"@type\":\"WebSite\",\"@id\":\"https:\/\/beskydy-lodge.cz\/#website\",\"url\":\"https:\/\/beskydy-lodge.cz\/\",\"name\":\"BESKYDY - LODGE\",\"description\":\"\",\"publisher\":{\"@id\":\"https:\/\/beskydy-lodge.cz\/#organization\"},\"potentialAction\":[{\"@type\":\"SearchAction\",\"target\":{\"@type\":\"EntryPoint\",\"urlTemplate\":\"https:\/\/beskydy-lodge.cz\/?s={search_term_string}\"},\"query-input\":\"required name=search_term_string\"}],\"inLanguage\":\"cs\"},{\"@type\":\"Organization\",\"@id\":\"https:\/\/beskydy-lodge.cz\/#organization\",\"name\":\"BESKYDY - LODGE\",\"url\":\"https:\/\/beskydy-lodge.cz\/\",\"logo\":{\"@type\":\"ImageObject\",\"inLanguage\":\"cs\",\"@id\":\"https:\/\/beskydy-lodge.cz\/#\/schema\/logo\/image\/\",\"url\":\"\",\"contentUrl\":\"\",\"caption\":\"BESKYDY - LODGE\"},\"image\":{\"@id\":\"https:\/\/beskydy-lodge.cz\/#\/schema\/logo\/image\/\"},\"sameAs\":[\"https:\/\/www.facebook.com\/profile.php?id=100088689353355\"]}]}<\/script>\n<!-- \/ Yoast SEO plugin. -->","yoast_head_json":{"title":"Kontakt - BESKYDY - LODGE","robots":{"index":"index","follow":"follow","max-snippet":"max-snippet:-1","max-image-preview":"max-image-preview:large","max-video-preview":"max-video-preview:-1"},"canonical":"https:\/\/beskydy-lodge.cz\/cs\/kontakt\/","og_locale":"cs_CZ","og_type":"article","og_title":"Kontakt - BESKYDY - LODGE","og_url":"https:\/\/beskydy-lodge.cz\/cs\/kontakt\/","og_site_name":"BESKYDY - LODGE","article_publisher":"https:\/\/www.facebook.com\/profile.php?id=100088689353355","article_modified_time":"2023-05-18T11:17:13+00:00","og_image":[{"url":"https:\/\/beskydy-lodge.cz\/wp-content\/uploads\/2023\/03\/496764741-man-working-on-1.jpg"}],"twitter_card":"summary_large_image","twitter_misc":{"Odhadovan\u00e1 doba \u010dten\u00ed":"3 minuty"},"schema":{"@context":"https:\/\/schema.org","@graph":[{"@type":"WebPage","@id":"https:\/\/beskydy-lodge.cz\/kontakt\/","url":"https:\/\/beskydy-lodge.cz\/kontakt\/","name":"Kontakt - BESKYDY - LODGE","isPartOf":{"@id":"https:\/\/beskydy-lodge.cz\/#website"},"datePublished":"2023-03-27T10:47:28+00:00","dateModified":"2023-05-18T11:17:13+00:00","breadcrumb":{"@id":"https:\/\/beskydy-lodge.cz\/kontakt\/#breadcrumb"},"inLanguage":"cs","potentialAction":[{"@type":"ReadAction","target":["https:\/\/beskydy-lodge.cz\/kontakt\/"]}]},{"@type":"BreadcrumbList","@id":"https:\/\/beskydy-lodge.cz\/kontakt\/#breadcrumb","itemListElement":[{"@type":"ListItem","position":1,"name":"Startseite","item":"https:\/\/beskydy-lodge.cz\/"},{"@type":"ListItem","position":2,"name":"Kontakt"}]},{"@type":"WebSite","@id":"https:\/\/beskydy-lodge.cz\/#website","url":"https:\/\/beskydy-lodge.cz\/","name":"BESKYDY - LODGE","description":"","publisher":{"@id":"https:\/\/beskydy-lodge.cz\/#organization"},"potentialAction":[{"@type":"SearchAction","target":{"@type":"EntryPoint","urlTemplate":"https:\/\/beskydy-lodge.cz\/?s={search_term_string}"},"query-input":"required name=search_term_string"}],"inLanguage":"cs"},{"@type":"Organization","@id":"https:\/\/beskydy-lodge.cz\/#organization","name":"BESKYDY - LODGE","url":"https:\/\/beskydy-lodge.cz\/","logo":{"@type":"ImageObject","inLanguage":"cs","@id":"https:\/\/beskydy-lodge.cz\/#\/schema\/logo\/image\/","url":"","contentUrl":"","caption":"BESKYDY - LODGE"},"image":{"@id":"https:\/\/beskydy-lodge.cz\/#\/schema\/logo\/image\/"},"sameAs":["https:\/\/www.facebook.com\/profile.php?id=100088689353355"]}]}},"_links":{"self":[{"href":"https:\/\/beskydy-lodge.cz\/cs\/wp-json\/wp\/v2\/pages\/176","targetHints":{"allow":["GET"]}}],"collection":[{"href":"https:\/\/beskydy-lodge.cz\/cs\/wp-json\/wp\/v2\/pages"}],"about":[{"href":"https:\/\/beskydy-lodge.cz\/cs\/wp-json\/wp\/v2\/types\/page"}],"author":[{"embeddable":true,"href":"https:\/\/beskydy-lodge.cz\/cs\/wp-json\/wp\/v2\/users\/1"}],"replies":[{"embeddable":true,"href":"https:\/\/beskydy-lodge.cz\/cs\/wp-json\/wp\/v2\/comments?post=176"}],"version-history":[{"count":16,"href":"https:\/\/beskydy-lodge.cz\/cs\/wp-json\/wp\/v2\/pages\/176\/revisions"}],"predecessor-version":[{"id":358,"href":"https:\/\/beskydy-lodge.cz\/cs\/wp-json\/wp\/v2\/pages\/176\/revisions\/358"}],"wp:attachment":[{"href":"https:\/\/beskydy-lodge.cz\/cs\/wp-json\/wp\/v2\/media?parent=176"}],"curies":[{"name":"wp","href":"https:\/\/api.w.org\/{rel}","templated":true}]}}