{"id":210,"date":"2023-03-27T14:24:23","date_gmt":"2023-03-27T12:24:23","guid":{"rendered":"https:\/\/beskydy-lodge.cz\/?page_id=210"},"modified":"2023-03-27T14:38:48","modified_gmt":"2023-03-27T12:38:48","slug":"offnungszeiten","status":"publish","type":"page","link":"https:\/\/beskydy-lodge.cz\/cs\/offnungszeiten\/","title":{"rendered":"Otev\u00edrac\u00ed doba"},"content":{"rendered":"<div class=\"wp-block-cover alignfull is-light\" style=\"min-height:500px;aspect-ratio:unset;\"><span aria-hidden=\"true\" class=\"wp-block-cover__background has-background-dim\"><\/span><img loading=\"lazy\" decoding=\"async\" width=\"1800\" height=\"1100\" class=\"wp-block-cover__image-background wp-image-211\" alt=\"\" src=\"https:\/\/beskydy-lodge.cz\/wp-content\/uploads\/2023\/03\/Kopie_von_Der_Videokurs_fur_deinen_Erfolg_mit_Dropshipping_1600__1100_px_1800__1100_px-4574693-1.png\" data-object-fit=\"cover\" srcset=\"https:\/\/beskydy-lodge.cz\/wp-content\/uploads\/2023\/03\/Kopie_von_Der_Videokurs_fur_deinen_Erfolg_mit_Dropshipping_1600__1100_px_1800__1100_px-4574693-1.png 1800w, https:\/\/beskydy-lodge.cz\/wp-content\/uploads\/2023\/03\/Kopie_von_Der_Videokurs_fur_deinen_Erfolg_mit_Dropshipping_1600__1100_px_1800__1100_px-4574693-1-300x183.png 300w, https:\/\/beskydy-lodge.cz\/wp-content\/uploads\/2023\/03\/Kopie_von_Der_Videokurs_fur_deinen_Erfolg_mit_Dropshipping_1600__1100_px_1800__1100_px-4574693-1-1024x626.png 1024w, https:\/\/beskydy-lodge.cz\/wp-content\/uploads\/2023\/03\/Kopie_von_Der_Videokurs_fur_deinen_Erfolg_mit_Dropshipping_1600__1100_px_1800__1100_px-4574693-1-768x469.png 768w, https:\/\/beskydy-lodge.cz\/wp-content\/uploads\/2023\/03\/Kopie_von_Der_Videokurs_fur_deinen_Erfolg_mit_Dropshipping_1600__1100_px_1800__1100_px-4574693-1-1536x939.png 1536w\" sizes=\"auto, (max-width: 1800px) 100vw, 1800px\" \/><div class=\"wp-block-cover__inner-container is-layout-flow wp-block-cover-is-layout-flow\">\n<h1 class=\"has-text-align-center has-nv-site-bg-color has-text-color wp-block-heading\">Otev\u0159eno pro v\u00e1s 24 hodin<br> denn\u011b, 7 dn\u00ed v t\u00fddnu<\/h1>\n\n\n\n<p><\/p>\n<\/div><\/div>\n\n\n\n<figure class=\"wp-block-image alignfull size-large wave\"><img loading=\"lazy\" decoding=\"async\" width=\"500\" height=\"50\" src=\"https:\/\/beskydy-lodge.cz\/wp-content\/uploads\/2023\/03\/vlnka2.svg\" alt=\"\" class=\"wp-image-42\"\/><\/figure>\n\n\n\n<div class=\"wp-block-cover alignfull\" style=\"min-height:600px;aspect-ratio:unset;\"><span aria-hidden=\"true\" class=\"wp-block-cover__background has-nv-light-bg-background-color has-background-dim-0 has-background-dim\"><\/span><div class=\"wp-block-cover__inner-container is-layout-flow wp-block-cover-is-layout-flow\">\n<div class=\"wp-block-group\"><div class=\"wp-block-group__inner-container is-layout-flow wp-block-group-is-layout-flow\">\n<div class=\"wp-block-columns has-nv-dark-bg-color has-text-color is-layout-flex wp-container-core-columns-is-layout-9d6595d7 wp-block-columns-is-layout-flex\">\n<div class=\"wp-block-column is-vertically-aligned-top is-layout-flow wp-block-column-is-layout-flow\" style=\"flex-basis:50%\">\n<div style=\"height:20px\" aria-hidden=\"true\" class=\"wp-block-spacer\"><\/div>\n\n\n\n<figure class=\"wp-block-image size-full is-resized\"><img loading=\"lazy\" decoding=\"async\" src=\"https:\/\/beskydy-lodge.cz\/wp-content\/uploads\/2023\/03\/email.png\" alt=\"\" class=\"wp-image-213\" width=\"64\" height=\"64\" srcset=\"https:\/\/beskydy-lodge.cz\/wp-content\/uploads\/2023\/03\/email.png 256w, https:\/\/beskydy-lodge.cz\/wp-content\/uploads\/2023\/03\/email-150x150.png 150w\" sizes=\"auto, (max-width: 64px) 100vw, 64px\" \/><\/figure>\n\n\n\n<div style=\"height:20px\" aria-hidden=\"true\" class=\"wp-block-spacer\"><\/div>\n\n\n\n<h2 class=\"has-text-align-left wp-block-heading\">Kontakty<\/h2>\n\n\n\n<p class=\"has-text-align-left\"><a href=\"mailto:contact@chalet-beskydy.eu\" data-type=\"mailto\" data-id=\"mailto:contact@chalet-beskydy.eu\">contact@chalet-beskydy.eu<\/a><\/p>\n<\/div>\n\n\n\n<div class=\"wp-block-column is-vertically-aligned-top is-layout-flow wp-block-column-is-layout-flow\" style=\"flex-basis:50%\">\n<figure class=\"wp-block-image size-full is-resized\"><img loading=\"lazy\" decoding=\"async\" src=\"https:\/\/beskydy-lodge.cz\/wp-content\/uploads\/2023\/03\/clock.png\" alt=\"\" class=\"wp-image-212\" width=\"64\" height=\"64\" srcset=\"https:\/\/beskydy-lodge.cz\/wp-content\/uploads\/2023\/03\/clock.png 256w, https:\/\/beskydy-lodge.cz\/wp-content\/uploads\/2023\/03\/clock-150x150.png 150w\" sizes=\"auto, (max-width: 64px) 100vw, 64px\" \/><\/figure>\n\n\n\n<div style=\"height:20px\" aria-hidden=\"true\" class=\"wp-block-spacer\"><\/div>\n\n\n\n<h2 class=\"wp-block-heading\"><strong>Otev\u00edrac\u00ed doba<\/strong><\/h2>\n\n\n\n<p class=\" translation-block\">Pond\u011bl\u00ed a\u017e ned\u011ble <br>0:00 a\u017e 24:00 hod.<\/p>\n<\/div>\n<\/div>\n\n\n\n<div style=\"height:40px\" aria-hidden=\"true\" class=\"wp-block-spacer\"><\/div>\n<\/div><\/div>\n<\/div><\/div>","protected":false},"excerpt":{"rendered":"","protected":false},"author":1,"featured_media":0,"parent":0,"menu_order":0,"comment_status":"closed","ping_status":"closed","template":"","meta":{"inline_featured_image":false,"neve_meta_sidebar":"","neve_meta_container":"","neve_meta_enable_content_width":"","neve_meta_content_width":0,"neve_meta_title_alignment":"","neve_meta_author_avatar":"","neve_post_elements_order":"","neve_meta_disable_header":"","neve_meta_disable_footer":"","neve_meta_disable_title":"on","footnotes":""},"class_list":["post-210","page","type-page","status-publish","hentry"],"yoast_head":"<!-- This site is optimized with the Yoast SEO plugin v21.7 - https:\/\/yoast.com\/wordpress\/plugins\/seo\/ -->\n<title>\u00d6ffnungszeiten - BESKYDY - LODGE<\/title>\n<meta name=\"robots\" content=\"index, follow, max-snippet:-1, max-image-preview:large, max-video-preview:-1\" \/>\n<link rel=\"canonical\" href=\"https:\/\/beskydy-lodge.cz\/cs\/offnungszeiten\/\" \/>\n<meta property=\"og:locale\" content=\"cs_CZ\" \/>\n<meta property=\"og:type\" content=\"article\" \/>\n<meta property=\"og:title\" content=\"\u00d6ffnungszeiten - BESKYDY - LODGE\" \/>\n<meta property=\"og:url\" content=\"https:\/\/beskydy-lodge.cz\/cs\/offnungszeiten\/\" \/>\n<meta property=\"og:site_name\" content=\"BESKYDY - LODGE\" \/>\n<meta property=\"article:publisher\" content=\"https:\/\/www.facebook.com\/profile.php?id=100088689353355\" \/>\n<meta property=\"article:modified_time\" content=\"2023-03-27T12:38:48+00:00\" \/>\n<meta property=\"og:image\" content=\"https:\/\/beskydy-lodge.cz\/wp-content\/uploads\/2023\/03\/Kopie_von_Der_Videokurs_fur_deinen_Erfolg_mit_Dropshipping_1600__1100_px_1800__1100_px-4574693-1.png\" \/>\n<meta name=\"twitter:card\" content=\"summary_large_image\" \/>\n<script type=\"application\/ld+json\" class=\"yoast-schema-graph\">{\"@context\":\"https:\/\/schema.org\",\"@graph\":[{\"@type\":\"WebPage\",\"@id\":\"https:\/\/beskydy-lodge.cz\/offnungszeiten\/\",\"url\":\"https:\/\/beskydy-lodge.cz\/offnungszeiten\/\",\"name\":\"\u00d6ffnungszeiten - BESKYDY - LODGE\",\"isPartOf\":{\"@id\":\"https:\/\/beskydy-lodge.cz\/#website\"},\"datePublished\":\"2023-03-27T12:24:23+00:00\",\"dateModified\":\"2023-03-27T12:38:48+00:00\",\"breadcrumb\":{\"@id\":\"https:\/\/beskydy-lodge.cz\/offnungszeiten\/#breadcrumb\"},\"inLanguage\":\"cs\",\"potentialAction\":[{\"@type\":\"ReadAction\",\"target\":[\"https:\/\/beskydy-lodge.cz\/offnungszeiten\/\"]}]},{\"@type\":\"BreadcrumbList\",\"@id\":\"https:\/\/beskydy-lodge.cz\/offnungszeiten\/#breadcrumb\",\"itemListElement\":[{\"@type\":\"ListItem\",\"position\":1,\"name\":\"Startseite\",\"item\":\"https:\/\/beskydy-lodge.cz\/\"},{\"@type\":\"ListItem\",\"position\":2,\"name\":\"\u00d6ffnungszeiten\"}]},{\"@type\":\"WebSite\",\"@id\":\"https:\/\/beskydy-lodge.cz\/#website\",\"url\":\"https:\/\/beskydy-lodge.cz\/\",\"name\":\"BESKYDY - LODGE\",\"description\":\"\",\"publisher\":{\"@id\":\"https:\/\/beskydy-lodge.cz\/#organization\"},\"potentialAction\":[{\"@type\":\"SearchAction\",\"target\":{\"@type\":\"EntryPoint\",\"urlTemplate\":\"https:\/\/beskydy-lodge.cz\/?s={search_term_string}\"},\"query-input\":\"required name=search_term_string\"}],\"inLanguage\":\"cs\"},{\"@type\":\"Organization\",\"@id\":\"https:\/\/beskydy-lodge.cz\/#organization\",\"name\":\"BESKYDY - LODGE\",\"url\":\"https:\/\/beskydy-lodge.cz\/\",\"logo\":{\"@type\":\"ImageObject\",\"inLanguage\":\"cs\",\"@id\":\"https:\/\/beskydy-lodge.cz\/#\/schema\/logo\/image\/\",\"url\":\"\",\"contentUrl\":\"\",\"caption\":\"BESKYDY - LODGE\"},\"image\":{\"@id\":\"https:\/\/beskydy-lodge.cz\/#\/schema\/logo\/image\/\"},\"sameAs\":[\"https:\/\/www.facebook.com\/profile.php?id=100088689353355\"]}]}<\/script>\n<!-- \/ Yoast SEO plugin. -->","yoast_head_json":{"title":"\u00d6ffnungszeiten - BESKYDY - LODGE","robots":{"index":"index","follow":"follow","max-snippet":"max-snippet:-1","max-image-preview":"max-image-preview:large","max-video-preview":"max-video-preview:-1"},"canonical":"https:\/\/beskydy-lodge.cz\/cs\/offnungszeiten\/","og_locale":"cs_CZ","og_type":"article","og_title":"\u00d6ffnungszeiten - BESKYDY - LODGE","og_url":"https:\/\/beskydy-lodge.cz\/cs\/offnungszeiten\/","og_site_name":"BESKYDY - LODGE","article_publisher":"https:\/\/www.facebook.com\/profile.php?id=100088689353355","article_modified_time":"2023-03-27T12:38:48+00:00","og_image":[{"url":"https:\/\/beskydy-lodge.cz\/wp-content\/uploads\/2023\/03\/Kopie_von_Der_Videokurs_fur_deinen_Erfolg_mit_Dropshipping_1600__1100_px_1800__1100_px-4574693-1.png"}],"twitter_card":"summary_large_image","schema":{"@context":"https:\/\/schema.org","@graph":[{"@type":"WebPage","@id":"https:\/\/beskydy-lodge.cz\/offnungszeiten\/","url":"https:\/\/beskydy-lodge.cz\/offnungszeiten\/","name":"\u00d6ffnungszeiten - BESKYDY - LODGE","isPartOf":{"@id":"https:\/\/beskydy-lodge.cz\/#website"},"datePublished":"2023-03-27T12:24:23+00:00","dateModified":"2023-03-27T12:38:48+00:00","breadcrumb":{"@id":"https:\/\/beskydy-lodge.cz\/offnungszeiten\/#breadcrumb"},"inLanguage":"cs","potentialAction":[{"@type":"ReadAction","target":["https:\/\/beskydy-lodge.cz\/offnungszeiten\/"]}]},{"@type":"BreadcrumbList","@id":"https:\/\/beskydy-lodge.cz\/offnungszeiten\/#breadcrumb","itemListElement":[{"@type":"ListItem","position":1,"name":"Startseite","item":"https:\/\/beskydy-lodge.cz\/"},{"@type":"ListItem","position":2,"name":"\u00d6ffnungszeiten"}]},{"@type":"WebSite","@id":"https:\/\/beskydy-lodge.cz\/#website","url":"https:\/\/beskydy-lodge.cz\/","name":"BESKYDY - LODGE","description":"","publisher":{"@id":"https:\/\/beskydy-lodge.cz\/#organization"},"potentialAction":[{"@type":"SearchAction","target":{"@type":"EntryPoint","urlTemplate":"https:\/\/beskydy-lodge.cz\/?s={search_term_string}"},"query-input":"required name=search_term_string"}],"inLanguage":"cs"},{"@type":"Organization","@id":"https:\/\/beskydy-lodge.cz\/#organization","name":"BESKYDY - LODGE","url":"https:\/\/beskydy-lodge.cz\/","logo":{"@type":"ImageObject","inLanguage":"cs","@id":"https:\/\/beskydy-lodge.cz\/#\/schema\/logo\/image\/","url":"","contentUrl":"","caption":"BESKYDY - LODGE"},"image":{"@id":"https:\/\/beskydy-lodge.cz\/#\/schema\/logo\/image\/"},"sameAs":["https:\/\/www.facebook.com\/profile.php?id=100088689353355"]}]}},"_links":{"self":[{"href":"https:\/\/beskydy-lodge.cz\/cs\/wp-json\/wp\/v2\/pages\/210","targetHints":{"allow":["GET"]}}],"collection":[{"href":"https:\/\/beskydy-lodge.cz\/cs\/wp-json\/wp\/v2\/pages"}],"about":[{"href":"https:\/\/beskydy-lodge.cz\/cs\/wp-json\/wp\/v2\/types\/page"}],"author":[{"embeddable":true,"href":"https:\/\/beskydy-lodge.cz\/cs\/wp-json\/wp\/v2\/users\/1"}],"replies":[{"embeddable":true,"href":"https:\/\/beskydy-lodge.cz\/cs\/wp-json\/wp\/v2\/comments?post=210"}],"version-history":[{"count":2,"href":"https:\/\/beskydy-lodge.cz\/cs\/wp-json\/wp\/v2\/pages\/210\/revisions"}],"predecessor-version":[{"id":216,"href":"https:\/\/beskydy-lodge.cz\/cs\/wp-json\/wp\/v2\/pages\/210\/revisions\/216"}],"wp:attachment":[{"href":"https:\/\/beskydy-lodge.cz\/cs\/wp-json\/wp\/v2\/media?parent=210"}],"curies":[{"name":"wp","href":"https:\/\/api.w.org\/{rel}","templated":true}]}}