{"id":534,"date":"2023-10-30T12:00:04","date_gmt":"2023-10-30T11:00:04","guid":{"rendered":"https:\/\/beskydy-lodge.cz\/?page_id=534"},"modified":"2024-01-13T18:51:39","modified_gmt":"2024-01-13T17:51:39","slug":"reservierung-massage","status":"publish","type":"page","link":"https:\/\/beskydy-lodge.cz\/cs\/reservierung-massage\/","title":{"rendered":"Reservierung &#8211; Massage"},"content":{"rendered":"<div class=\"wp-block-cover alignfull\" style=\"min-height:500px;aspect-ratio:unset;\"><span aria-hidden=\"true\" class=\"wp-block-cover__background has-background-dim-70 has-background-dim\"><\/span><img loading=\"lazy\" decoding=\"async\" width=\"612\" height=\"408\" class=\"wp-block-cover__image-background wp-image-544\" alt=\"\" src=\"https:\/\/beskydy-lodge.cz\/wp-content\/uploads\/2023\/10\/4.2.jpg\" data-object-fit=\"cover\" srcset=\"https:\/\/beskydy-lodge.cz\/wp-content\/uploads\/2023\/10\/4.2.jpg 612w, https:\/\/beskydy-lodge.cz\/wp-content\/uploads\/2023\/10\/4.2-300x200.jpg 300w, https:\/\/beskydy-lodge.cz\/wp-content\/uploads\/2023\/10\/4.2-18x12.jpg 18w\" sizes=\"auto, (max-width: 612px) 100vw, 612px\" \/><div class=\"wp-block-cover__inner-container is-layout-flow wp-block-cover-is-layout-flow\">\n<h1 class=\"wp-block-heading has-text-align-center has-nv-site-bg-color has-text-color\">Rezervujte si term\u00edn pobytu<\/h1>\n\n\n\n<p class=\"has-text-align-center\">Po\u0161lete n\u00e1m sv\u016fj dotaz na rezervaci a my se v\u00e1m ozveme.<\/p>\n\n\n\n<p><\/p>\n<\/div><\/div>\n\n\n\n<figure class=\"wp-block-image alignfull size-large wave\"><img loading=\"lazy\" decoding=\"async\" width=\"500\" height=\"50\" src=\"https:\/\/beskydy-lodge.cz\/wp-content\/uploads\/2023\/03\/vlnka2.svg\" alt=\"\" class=\"wp-image-42\"\/><\/figure>\n\n\n\n<div style=\"height:100px\" aria-hidden=\"true\" class=\"wp-block-spacer\"><\/div>\n\n\n\n<div class=\"wp-block-columns is-layout-flex wp-container-core-columns-is-layout-9d6595d7 wp-block-columns-is-layout-flex\">\n<div class=\"wp-block-column is-layout-flow wp-block-column-is-layout-flow\"><div class=\"wp-block-image\">\n<figure class=\"alignleft size-full is-resized\"><img loading=\"lazy\" decoding=\"async\" width=\"200\" height=\"124\" src=\"https:\/\/beskydy-lodge.cz\/wp-content\/uploads\/2023\/05\/cropped-image002.png\" alt=\"\" class=\"wp-image-323\" style=\"height:100px\" srcset=\"https:\/\/beskydy-lodge.cz\/wp-content\/uploads\/2023\/05\/cropped-image002.png 200w, https:\/\/beskydy-lodge.cz\/wp-content\/uploads\/2023\/05\/cropped-image002-18x12.png 18w\" sizes=\"auto, (max-width: 200px) 100vw, 200px\" \/><\/figure>\n<\/div>\n\n\n<p>  <\/p>\n\n\n\n<p><strong><a href=\"https:\/\/beskydy-lodge.cz\/cs\/reservierung\/\">Ubytov\u00e1n\u00ed Chaty Beskydy<\/a><\/strong><\/p>\n<\/div>\n\n\n\n<div class=\"wp-block-column is-layout-flow wp-block-column-is-layout-flow\"><div class=\"wp-block-image\">\n<figure class=\"alignright size-large is-resized\"><img loading=\"lazy\" decoding=\"async\" width=\"93\" height=\"91\" src=\"https:\/\/beskydy-lodge.cz\/wp-content\/uploads\/2023\/10\/mednow-masaze-vicky.svg\" alt=\"\" class=\"wp-image-531\" style=\"height:100px\"\/><\/figure>\n<\/div>\n\n\n<p>  <\/p>\n\n\n\n<p class=\"has-text-align-right\"><strong>Mas\u00e1\u017ee MEDNOW<\/strong><\/p>\n<\/div>\n<\/div>\n\n\n\n<div style=\"height:30px\" aria-hidden=\"true\" class=\"wp-block-spacer\"><\/div>\n\n\n\n<div style=\"height:20px\" aria-hidden=\"true\" class=\"wp-block-spacer\"><\/div>\n\n\n\n<figure class=\"wp-block-table\"><table><tbody><tr><td>Klassische Massage<\/td><td>50\/80 mins<\/td><td>980\/1380 K\u010d<\/td><\/tr><tr><td>K\u00f6nigliche Kr\u00e4utermassage<\/td><td>60\/90mins<\/td><td>1180\/1680K\u010d<\/td><\/tr><tr><td>Schwangeren-Massage<\/td><td>60\/90mins<\/td><td>1280\/1800K\u010d<\/td><\/tr><tr><td>Ventosa\/Fyzioterapie<\/td><td>60\/90mins<\/td><td>1580\/2280K\u010d<\/td><\/tr><tr><td>Lavasteine<\/td><td>60\/90mins<\/td><td>1580\/2280K\u010d<\/td><\/tr><tr><td>Traditionelle Thai-Massage<\/td><td>60\/90mins<\/td><td>1380\/1980K\u010d<\/td><\/tr><tr><td>R\u00fccken- und Nackenmassage<\/td><td>30\/60mins<\/td><td>680\/980K\u010d<\/td><\/tr><tr><td>Fu\u00dfmassage<\/td><td>30\/60mins<\/td><td>6800\/980K\u010d<\/td><\/tr><tr><td>Kopf- und Schultermassage<\/td><td>25 mins<\/td><td>780 K\u010d<\/td><\/tr><\/tbody><\/table><\/figure>\n\n\n\n<div style=\"height:50px\" aria-hidden=\"true\" class=\"wp-block-spacer\"><\/div>\n\n\n\n<div class=\"wp-block-buttons is-content-justification-center is-layout-flex wp-container-core-buttons-is-layout-16018d1d wp-block-buttons-is-layout-flex\">\n<div class=\"wp-block-button\"><a class=\"wp-block-button__link has-text-align-center wp-element-button\" href=\"https:\/\/form.jotform.com\/233094674701356\" target=\"_blank\" rel=\"noreferrer noopener\">Reservierung machen<\/a><\/div>\n<\/div>\n\n\n\n<div style=\"height:50px\" aria-hidden=\"true\" class=\"wp-block-spacer\"><\/div>","protected":false},"excerpt":{"rendered":"<p>Unterkunft Chalet-Beskydy Massage MEDNOW Klassische Massage 50\/80 mins 980\/1380 K\u010d K\u00f6nigliche Kr\u00e4utermassage 60\/90mins 1180\/1680K\u010d Schwangeren-Massage 60\/90mins 1280\/1800K\u010d Ventosa\/Fyzioterapie 60\/90mins 1580\/2280K\u010d Lavasteine 60\/90mins 1580\/2280K\u010d Traditionelle Thai-Massage 60\/90mins 1380\/1980K\u010d R\u00fccken- und Nackenmassage 30\/60mins 680\/980K\u010d Fu\u00dfmassage 30\/60mins 6800\/980K\u010d Kopf- und Schultermassage 25 mins 780 K\u010d<\/p>","protected":false},"author":1,"featured_media":0,"parent":0,"menu_order":0,"comment_status":"closed","ping_status":"closed","template":"","meta":{"inline_featured_image":false,"neve_meta_sidebar":"","neve_meta_container":"","neve_meta_enable_content_width":"","neve_meta_content_width":0,"neve_meta_title_alignment":"","neve_meta_author_avatar":"","neve_post_elements_order":"","neve_meta_disable_header":"","neve_meta_disable_footer":"","neve_meta_disable_title":"","footnotes":""},"class_list":["post-534","page","type-page","status-publish","hentry"],"yoast_head":"<!-- This site is optimized with the Yoast SEO plugin v21.7 - https:\/\/yoast.com\/wordpress\/plugins\/seo\/ -->\n<title>Reservierung - Massage - BESKYDY - LODGE<\/title>\n<meta name=\"robots\" content=\"index, follow, max-snippet:-1, max-image-preview:large, max-video-preview:-1\" \/>\n<link rel=\"canonical\" href=\"https:\/\/beskydy-lodge.cz\/cs\/reservierung-massage\/\" \/>\n<meta property=\"og:locale\" content=\"cs_CZ\" \/>\n<meta property=\"og:type\" content=\"article\" \/>\n<meta property=\"og:title\" content=\"Reservierung - Massage - BESKYDY - LODGE\" \/>\n<meta property=\"og:description\" content=\"Unterkunft Chalet-Beskydy Massage MEDNOW Klassische Massage 50\/80 mins 980\/1380 K\u010d K\u00f6nigliche Kr\u00e4utermassage 60\/90mins 1180\/1680K\u010d Schwangeren-Massage 60\/90mins 1280\/1800K\u010d Ventosa\/Fyzioterapie 60\/90mins 1580\/2280K\u010d Lavasteine 60\/90mins 1580\/2280K\u010d Traditionelle Thai-Massage 60\/90mins 1380\/1980K\u010d R\u00fccken- und Nackenmassage 30\/60mins 680\/980K\u010d Fu\u00dfmassage 30\/60mins 6800\/980K\u010d Kopf- und Schultermassage 25 mins 780 K\u010d\" \/>\n<meta property=\"og:url\" content=\"https:\/\/beskydy-lodge.cz\/cs\/reservierung-massage\/\" \/>\n<meta property=\"og:site_name\" content=\"BESKYDY - LODGE\" \/>\n<meta property=\"article:publisher\" content=\"https:\/\/www.facebook.com\/profile.php?id=100088689353355\" \/>\n<meta property=\"article:modified_time\" content=\"2024-01-13T17:51:39+00:00\" \/>\n<meta property=\"og:image\" content=\"https:\/\/beskydy-lodge.cz\/wp-content\/uploads\/2023\/10\/4.2.jpg\" \/>\n<meta name=\"twitter:card\" content=\"summary_large_image\" \/>\n<meta name=\"twitter:label1\" content=\"Odhadovan\u00e1 doba \u010dten\u00ed\" \/>\n\t<meta name=\"twitter:data1\" content=\"2 minuty\" \/>\n<script type=\"application\/ld+json\" class=\"yoast-schema-graph\">{\"@context\":\"https:\/\/schema.org\",\"@graph\":[{\"@type\":\"WebPage\",\"@id\":\"https:\/\/beskydy-lodge.cz\/reservierung-massage\/\",\"url\":\"https:\/\/beskydy-lodge.cz\/reservierung-massage\/\",\"name\":\"Reservierung - Massage - BESKYDY - LODGE\",\"isPartOf\":{\"@id\":\"https:\/\/beskydy-lodge.cz\/#website\"},\"datePublished\":\"2023-10-30T11:00:04+00:00\",\"dateModified\":\"2024-01-13T17:51:39+00:00\",\"breadcrumb\":{\"@id\":\"https:\/\/beskydy-lodge.cz\/reservierung-massage\/#breadcrumb\"},\"inLanguage\":\"cs\",\"potentialAction\":[{\"@type\":\"ReadAction\",\"target\":[\"https:\/\/beskydy-lodge.cz\/reservierung-massage\/\"]}]},{\"@type\":\"BreadcrumbList\",\"@id\":\"https:\/\/beskydy-lodge.cz\/reservierung-massage\/#breadcrumb\",\"itemListElement\":[{\"@type\":\"ListItem\",\"position\":1,\"name\":\"Startseite\",\"item\":\"https:\/\/beskydy-lodge.cz\/\"},{\"@type\":\"ListItem\",\"position\":2,\"name\":\"Reservierung &#8211; Massage\"}]},{\"@type\":\"WebSite\",\"@id\":\"https:\/\/beskydy-lodge.cz\/#website\",\"url\":\"https:\/\/beskydy-lodge.cz\/\",\"name\":\"BESKYDY - LODGE\",\"description\":\"\",\"publisher\":{\"@id\":\"https:\/\/beskydy-lodge.cz\/#organization\"},\"potentialAction\":[{\"@type\":\"SearchAction\",\"target\":{\"@type\":\"EntryPoint\",\"urlTemplate\":\"https:\/\/beskydy-lodge.cz\/?s={search_term_string}\"},\"query-input\":\"required name=search_term_string\"}],\"inLanguage\":\"cs\"},{\"@type\":\"Organization\",\"@id\":\"https:\/\/beskydy-lodge.cz\/#organization\",\"name\":\"BESKYDY - LODGE\",\"url\":\"https:\/\/beskydy-lodge.cz\/\",\"logo\":{\"@type\":\"ImageObject\",\"inLanguage\":\"cs\",\"@id\":\"https:\/\/beskydy-lodge.cz\/#\/schema\/logo\/image\/\",\"url\":\"\",\"contentUrl\":\"\",\"caption\":\"BESKYDY - LODGE\"},\"image\":{\"@id\":\"https:\/\/beskydy-lodge.cz\/#\/schema\/logo\/image\/\"},\"sameAs\":[\"https:\/\/www.facebook.com\/profile.php?id=100088689353355\"]}]}<\/script>\n<!-- \/ Yoast SEO plugin. -->","yoast_head_json":{"title":"Reservierung - Massage - BESKYDY - LODGE","robots":{"index":"index","follow":"follow","max-snippet":"max-snippet:-1","max-image-preview":"max-image-preview:large","max-video-preview":"max-video-preview:-1"},"canonical":"https:\/\/beskydy-lodge.cz\/cs\/reservierung-massage\/","og_locale":"cs_CZ","og_type":"article","og_title":"Reservierung - Massage - BESKYDY - LODGE","og_description":"Unterkunft Chalet-Beskydy Massage MEDNOW Klassische Massage 50\/80 mins 980\/1380 K\u010d K\u00f6nigliche Kr\u00e4utermassage 60\/90mins 1180\/1680K\u010d Schwangeren-Massage 60\/90mins 1280\/1800K\u010d Ventosa\/Fyzioterapie 60\/90mins 1580\/2280K\u010d Lavasteine 60\/90mins 1580\/2280K\u010d Traditionelle Thai-Massage 60\/90mins 1380\/1980K\u010d R\u00fccken- und Nackenmassage 30\/60mins 680\/980K\u010d Fu\u00dfmassage 30\/60mins 6800\/980K\u010d Kopf- und Schultermassage 25 mins 780 K\u010d","og_url":"https:\/\/beskydy-lodge.cz\/cs\/reservierung-massage\/","og_site_name":"BESKYDY - LODGE","article_publisher":"https:\/\/www.facebook.com\/profile.php?id=100088689353355","article_modified_time":"2024-01-13T17:51:39+00:00","og_image":[{"url":"https:\/\/beskydy-lodge.cz\/wp-content\/uploads\/2023\/10\/4.2.jpg"}],"twitter_card":"summary_large_image","twitter_misc":{"Odhadovan\u00e1 doba \u010dten\u00ed":"2 minuty"},"schema":{"@context":"https:\/\/schema.org","@graph":[{"@type":"WebPage","@id":"https:\/\/beskydy-lodge.cz\/reservierung-massage\/","url":"https:\/\/beskydy-lodge.cz\/reservierung-massage\/","name":"Reservierung - Massage - BESKYDY - LODGE","isPartOf":{"@id":"https:\/\/beskydy-lodge.cz\/#website"},"datePublished":"2023-10-30T11:00:04+00:00","dateModified":"2024-01-13T17:51:39+00:00","breadcrumb":{"@id":"https:\/\/beskydy-lodge.cz\/reservierung-massage\/#breadcrumb"},"inLanguage":"cs","potentialAction":[{"@type":"ReadAction","target":["https:\/\/beskydy-lodge.cz\/reservierung-massage\/"]}]},{"@type":"BreadcrumbList","@id":"https:\/\/beskydy-lodge.cz\/reservierung-massage\/#breadcrumb","itemListElement":[{"@type":"ListItem","position":1,"name":"Startseite","item":"https:\/\/beskydy-lodge.cz\/"},{"@type":"ListItem","position":2,"name":"Reservierung &#8211; Massage"}]},{"@type":"WebSite","@id":"https:\/\/beskydy-lodge.cz\/#website","url":"https:\/\/beskydy-lodge.cz\/","name":"BESKYDY - LODGE","description":"","publisher":{"@id":"https:\/\/beskydy-lodge.cz\/#organization"},"potentialAction":[{"@type":"SearchAction","target":{"@type":"EntryPoint","urlTemplate":"https:\/\/beskydy-lodge.cz\/?s={search_term_string}"},"query-input":"required name=search_term_string"}],"inLanguage":"cs"},{"@type":"Organization","@id":"https:\/\/beskydy-lodge.cz\/#organization","name":"BESKYDY - LODGE","url":"https:\/\/beskydy-lodge.cz\/","logo":{"@type":"ImageObject","inLanguage":"cs","@id":"https:\/\/beskydy-lodge.cz\/#\/schema\/logo\/image\/","url":"","contentUrl":"","caption":"BESKYDY - LODGE"},"image":{"@id":"https:\/\/beskydy-lodge.cz\/#\/schema\/logo\/image\/"},"sameAs":["https:\/\/www.facebook.com\/profile.php?id=100088689353355"]}]}},"_links":{"self":[{"href":"https:\/\/beskydy-lodge.cz\/cs\/wp-json\/wp\/v2\/pages\/534","targetHints":{"allow":["GET"]}}],"collection":[{"href":"https:\/\/beskydy-lodge.cz\/cs\/wp-json\/wp\/v2\/pages"}],"about":[{"href":"https:\/\/beskydy-lodge.cz\/cs\/wp-json\/wp\/v2\/types\/page"}],"author":[{"embeddable":true,"href":"https:\/\/beskydy-lodge.cz\/cs\/wp-json\/wp\/v2\/users\/1"}],"replies":[{"embeddable":true,"href":"https:\/\/beskydy-lodge.cz\/cs\/wp-json\/wp\/v2\/comments?post=534"}],"version-history":[{"count":5,"href":"https:\/\/beskydy-lodge.cz\/cs\/wp-json\/wp\/v2\/pages\/534\/revisions"}],"predecessor-version":[{"id":669,"href":"https:\/\/beskydy-lodge.cz\/cs\/wp-json\/wp\/v2\/pages\/534\/revisions\/669"}],"wp:attachment":[{"href":"https:\/\/beskydy-lodge.cz\/cs\/wp-json\/wp\/v2\/media?parent=534"}],"curies":[{"name":"wp","href":"https:\/\/api.w.org\/{rel}","templated":true}]}}