{"id":307,"date":"2023-05-12T09:58:48","date_gmt":"2023-05-12T07:58:48","guid":{"rendered":"https:\/\/beskydy-lodge.cz\/?page_id=307"},"modified":"2023-11-09T09:55:56","modified_gmt":"2023-11-09T08:55:56","slug":"dokumente","status":"publish","type":"page","link":"https:\/\/beskydy-lodge.cz\/en\/dokumente\/","title":{"rendered":"Documents"},"content":{"rendered":"<div style=\"height:50px\" aria-hidden=\"true\" class=\"wp-block-spacer\"><\/div>\n\n\n\n<div class=\"wp-block-columns is-layout-flex wp-container-core-columns-is-layout-9d6595d7 wp-block-columns-is-layout-flex\">\n<div class=\"wp-block-column is-layout-flow wp-block-column-is-layout-flow\">\n<p><strong>Security deposit<\/strong> <a href=\"https:\/\/beskydy-lodge.cz\/wp-content\/uploads\/2023\/05\/Kaution-de.pdf\">EN<\/a><br><strong>Cauce<\/strong> <a href=\"https:\/\/beskydy-lodge.cz\/wp-content\/uploads\/2023\/05\/Kaution-cz.pdf\">CZ<\/a><br><strong>Deposit<\/strong> <a href=\"https:\/\/beskydy-lodge.cz\/wp-content\/uploads\/2023\/05\/Kaution-eng.pdf\">EN<\/a><\/p>\n<\/div>\n\n\n\n<div class=\"wp-block-column is-layout-flow wp-block-column-is-layout-flow\">\n<p><strong>Holiday home rental agreement<\/strong> <a href=\"https:\/\/beskydy-lodge.cz\/wp-content\/uploads\/2023\/05\/mietvertrag_ferienwohnungcb.de_.pdf\">EN<\/a><br><strong>Smlouva o pron\u00e1jmu rekrea\u010dn\u00edho domu<\/strong> <a href=\"https:\/\/beskydy-lodge.cz\/wp-content\/uploads\/2023\/05\/mietvertrag_ferienwohnungcb.de-cs1.pdf\">CZ<\/a><br><strong>Vacation home rental contract<\/strong> <a href=\"https:\/\/beskydy-lodge.cz\/wp-content\/uploads\/2023\/05\/mietvertrag_ferienwohnungcb.de-en-GB1.pdf\">EN<\/a><br><\/p>\n<\/div>\n\n\n\n<div class=\"wp-block-column is-layout-flow wp-block-column-is-layout-flow\">\n<p><strong>House rules<\/strong> <a href=\"https:\/\/beskydy-lodge.cz\/wp-content\/uploads\/2023\/05\/Hausordnung-deutsch-Becva-2023.1.pdf\">EN<\/a><strong><br>Domovn\u00ed \u0159\u00e1d<\/strong> <a href=\"https:\/\/beskydy-lodge.cz\/wp-content\/uploads\/2023\/05\/Hausordnung-cz.pdf\">CZ<\/a><strong><br>House rules<\/strong> <a href=\"https:\/\/beskydy-lodge.cz\/wp-content\/uploads\/2023\/05\/Hausordnung-Becva-2023-GB1.pdf\">EN<\/a><\/p>\n<\/div>\n<\/div>\n\n\n\n<p><strong><a href=\"https:\/\/beskydy-lodge.cz\/wp-content\/uploads\/2023\/11\/Hausordnung-Wellness-pp.pdf\">House rules Wellness<\/a><\/strong><\/p>\n\n\n\n<p><strong><a href=\"https:\/\/beskydy-lodge.cz\/wp-content\/uploads\/2023\/11\/Preis-und-Angebotsliste-08.2023-1_all.pdf\">Price and offer list<\/a><\/strong><\/p>\n\n\n\n<p><a href=\"https:\/\/beskydy-lodge.cz\/wp-content\/uploads\/2023\/11\/DOC-20230126-WA0110.pdf\"><strong>Booking.com review<\/strong><\/a><\/p>\n\n\n\n<p><strong><a href=\"https:\/\/beskydy-lodge.cz\/wp-content\/uploads\/2023\/11\/Obrazek-WhatsApp-2023-11-06-v-19.30.46_50420ee5.jpg\">Massage Pricelist<\/a><\/strong><\/p>\n\n\n\n<div style=\"height:100px\" aria-hidden=\"true\" class=\"wp-block-spacer\"><\/div>","protected":false},"excerpt":{"rendered":"<p>Kaution DEKauce CZDeposit EN Ferienhaus Mietvertrag DESmlouva o pron\u00e1jmu rekrea\u010dn\u00edho domu CZVacation home rental contract EN Hausordnung DEDomovn\u00ed \u0159\u00e1d CZHouse rules EN Hausordnung Wellness Preis und Angebotsliste Booking.com review Massage Pricelist<\/p>","protected":false},"author":1,"featured_media":0,"parent":0,"menu_order":0,"comment_status":"closed","ping_status":"closed","template":"","meta":{"inline_featured_image":false,"neve_meta_sidebar":"","neve_meta_container":"","neve_meta_enable_content_width":"","neve_meta_content_width":0,"neve_meta_title_alignment":"","neve_meta_author_avatar":"","neve_post_elements_order":"","neve_meta_disable_header":"","neve_meta_disable_footer":"","neve_meta_disable_title":"","footnotes":""},"class_list":["post-307","page","type-page","status-publish","hentry"],"yoast_head":"<!-- This site is optimized with the Yoast SEO plugin v21.7 - https:\/\/yoast.com\/wordpress\/plugins\/seo\/ -->\n<title>Dokumente - BESKYDY - LODGE<\/title>\n<meta name=\"robots\" content=\"index, follow, max-snippet:-1, max-image-preview:large, max-video-preview:-1\" \/>\n<link rel=\"canonical\" href=\"https:\/\/beskydy-lodge.cz\/en\/dokumente\/\" \/>\n<meta property=\"og:locale\" content=\"en_GB\" \/>\n<meta property=\"og:type\" content=\"article\" \/>\n<meta property=\"og:title\" content=\"Dokumente - BESKYDY - LODGE\" \/>\n<meta property=\"og:description\" content=\"Kaution DEKauce CZDeposit EN Ferienhaus Mietvertrag DESmlouva o pron\u00e1jmu rekrea\u010dn\u00edho domu CZVacation home rental contract EN Hausordnung DEDomovn\u00ed \u0159\u00e1d CZHouse rules EN Hausordnung Wellness Preis und Angebotsliste Booking.com review Massage Pricelist\" \/>\n<meta property=\"og:url\" content=\"https:\/\/beskydy-lodge.cz\/en\/dokumente\/\" \/>\n<meta property=\"og:site_name\" content=\"BESKYDY - LODGE\" \/>\n<meta property=\"article:publisher\" content=\"https:\/\/www.facebook.com\/profile.php?id=100088689353355\" \/>\n<meta property=\"article:modified_time\" content=\"2023-11-09T08:55:56+00:00\" \/>\n<meta name=\"twitter:card\" content=\"summary_large_image\" \/>\n<meta name=\"twitter:label1\" content=\"Estimated reading time\" \/>\n\t<meta name=\"twitter:data1\" content=\"1 minute\" \/>\n<script type=\"application\/ld+json\" class=\"yoast-schema-graph\">{\"@context\":\"https:\/\/schema.org\",\"@graph\":[{\"@type\":\"WebPage\",\"@id\":\"https:\/\/beskydy-lodge.cz\/dokumente\/\",\"url\":\"https:\/\/beskydy-lodge.cz\/dokumente\/\",\"name\":\"Dokumente - BESKYDY - LODGE\",\"isPartOf\":{\"@id\":\"https:\/\/beskydy-lodge.cz\/#website\"},\"datePublished\":\"2023-05-12T07:58:48+00:00\",\"dateModified\":\"2023-11-09T08:55:56+00:00\",\"breadcrumb\":{\"@id\":\"https:\/\/beskydy-lodge.cz\/dokumente\/#breadcrumb\"},\"inLanguage\":\"en-GB\",\"potentialAction\":[{\"@type\":\"ReadAction\",\"target\":[\"https:\/\/beskydy-lodge.cz\/dokumente\/\"]}]},{\"@type\":\"BreadcrumbList\",\"@id\":\"https:\/\/beskydy-lodge.cz\/dokumente\/#breadcrumb\",\"itemListElement\":[{\"@type\":\"ListItem\",\"position\":1,\"name\":\"Startseite\",\"item\":\"https:\/\/beskydy-lodge.cz\/\"},{\"@type\":\"ListItem\",\"position\":2,\"name\":\"Dokumente\"}]},{\"@type\":\"WebSite\",\"@id\":\"https:\/\/beskydy-lodge.cz\/#website\",\"url\":\"https:\/\/beskydy-lodge.cz\/\",\"name\":\"BESKYDY - LODGE\",\"description\":\"\",\"publisher\":{\"@id\":\"https:\/\/beskydy-lodge.cz\/#organization\"},\"potentialAction\":[{\"@type\":\"SearchAction\",\"target\":{\"@type\":\"EntryPoint\",\"urlTemplate\":\"https:\/\/beskydy-lodge.cz\/?s={search_term_string}\"},\"query-input\":\"required name=search_term_string\"}],\"inLanguage\":\"en-GB\"},{\"@type\":\"Organization\",\"@id\":\"https:\/\/beskydy-lodge.cz\/#organization\",\"name\":\"BESKYDY - LODGE\",\"url\":\"https:\/\/beskydy-lodge.cz\/\",\"logo\":{\"@type\":\"ImageObject\",\"inLanguage\":\"en-GB\",\"@id\":\"https:\/\/beskydy-lodge.cz\/#\/schema\/logo\/image\/\",\"url\":\"\",\"contentUrl\":\"\",\"caption\":\"BESKYDY - LODGE\"},\"image\":{\"@id\":\"https:\/\/beskydy-lodge.cz\/#\/schema\/logo\/image\/\"},\"sameAs\":[\"https:\/\/www.facebook.com\/profile.php?id=100088689353355\"]}]}<\/script>\n<!-- \/ Yoast SEO plugin. -->","yoast_head_json":{"title":"Dokumente - BESKYDY - LODGE","robots":{"index":"index","follow":"follow","max-snippet":"max-snippet:-1","max-image-preview":"max-image-preview:large","max-video-preview":"max-video-preview:-1"},"canonical":"https:\/\/beskydy-lodge.cz\/en\/dokumente\/","og_locale":"en_GB","og_type":"article","og_title":"Dokumente - BESKYDY - LODGE","og_description":"Kaution DEKauce CZDeposit EN Ferienhaus Mietvertrag DESmlouva o pron\u00e1jmu rekrea\u010dn\u00edho domu CZVacation home rental contract EN Hausordnung DEDomovn\u00ed \u0159\u00e1d CZHouse rules EN Hausordnung Wellness Preis und Angebotsliste Booking.com review Massage Pricelist","og_url":"https:\/\/beskydy-lodge.cz\/en\/dokumente\/","og_site_name":"BESKYDY - LODGE","article_publisher":"https:\/\/www.facebook.com\/profile.php?id=100088689353355","article_modified_time":"2023-11-09T08:55:56+00:00","twitter_card":"summary_large_image","twitter_misc":{"Estimated reading time":"1 minute"},"schema":{"@context":"https:\/\/schema.org","@graph":[{"@type":"WebPage","@id":"https:\/\/beskydy-lodge.cz\/dokumente\/","url":"https:\/\/beskydy-lodge.cz\/dokumente\/","name":"Dokumente - BESKYDY - LODGE","isPartOf":{"@id":"https:\/\/beskydy-lodge.cz\/#website"},"datePublished":"2023-05-12T07:58:48+00:00","dateModified":"2023-11-09T08:55:56+00:00","breadcrumb":{"@id":"https:\/\/beskydy-lodge.cz\/dokumente\/#breadcrumb"},"inLanguage":"en-GB","potentialAction":[{"@type":"ReadAction","target":["https:\/\/beskydy-lodge.cz\/dokumente\/"]}]},{"@type":"BreadcrumbList","@id":"https:\/\/beskydy-lodge.cz\/dokumente\/#breadcrumb","itemListElement":[{"@type":"ListItem","position":1,"name":"Startseite","item":"https:\/\/beskydy-lodge.cz\/"},{"@type":"ListItem","position":2,"name":"Dokumente"}]},{"@type":"WebSite","@id":"https:\/\/beskydy-lodge.cz\/#website","url":"https:\/\/beskydy-lodge.cz\/","name":"BESKYDY - LODGE","description":"","publisher":{"@id":"https:\/\/beskydy-lodge.cz\/#organization"},"potentialAction":[{"@type":"SearchAction","target":{"@type":"EntryPoint","urlTemplate":"https:\/\/beskydy-lodge.cz\/?s={search_term_string}"},"query-input":"required name=search_term_string"}],"inLanguage":"en-GB"},{"@type":"Organization","@id":"https:\/\/beskydy-lodge.cz\/#organization","name":"BESKYDY - LODGE","url":"https:\/\/beskydy-lodge.cz\/","logo":{"@type":"ImageObject","inLanguage":"en-GB","@id":"https:\/\/beskydy-lodge.cz\/#\/schema\/logo\/image\/","url":"","contentUrl":"","caption":"BESKYDY - LODGE"},"image":{"@id":"https:\/\/beskydy-lodge.cz\/#\/schema\/logo\/image\/"},"sameAs":["https:\/\/www.facebook.com\/profile.php?id=100088689353355"]}]}},"_links":{"self":[{"href":"https:\/\/beskydy-lodge.cz\/en\/wp-json\/wp\/v2\/pages\/307","targetHints":{"allow":["GET"]}}],"collection":[{"href":"https:\/\/beskydy-lodge.cz\/en\/wp-json\/wp\/v2\/pages"}],"about":[{"href":"https:\/\/beskydy-lodge.cz\/en\/wp-json\/wp\/v2\/types\/page"}],"author":[{"embeddable":true,"href":"https:\/\/beskydy-lodge.cz\/en\/wp-json\/wp\/v2\/users\/1"}],"replies":[{"embeddable":true,"href":"https:\/\/beskydy-lodge.cz\/en\/wp-json\/wp\/v2\/comments?post=307"}],"version-history":[{"count":4,"href":"https:\/\/beskydy-lodge.cz\/en\/wp-json\/wp\/v2\/pages\/307\/revisions"}],"predecessor-version":[{"id":555,"href":"https:\/\/beskydy-lodge.cz\/en\/wp-json\/wp\/v2\/pages\/307\/revisions\/555"}],"wp:attachment":[{"href":"https:\/\/beskydy-lodge.cz\/en\/wp-json\/wp\/v2\/media?parent=307"}],"curies":[{"name":"wp","href":"https:\/\/api.w.org\/{rel}","templated":true}]}}